{"id":20,"date":"2021-10-03T20:25:42","date_gmt":"2021-10-03T18:25:42","guid":{"rendered":"http:\/\/domaniale-de-mazan.fr\/?page_id=20"},"modified":"2022-03-07T16:22:22","modified_gmt":"2022-03-07T15:22:22","slug":"la-domaniale-de-mazan","status":"publish","type":"page","link":"https:\/\/domaniale-de-mazan.fr\/","title":{"rendered":"La domaniale de Mazan"},"content":{"rendered":"\t\t<div data-elementor-type=\"wp-page\" data-elementor-id=\"20\" class=\"elementor elementor-20\" data-elementor-settings=\"[]\">\n\t\t\t\t\t\t\t<div class=\"elementor-section-wrap\">\n\t\t\t\t\t\t\t<section class=\"elementor-section elementor-top-section elementor-element elementor-element-5003f33 elementor-section-full_width elementor-section-height-default elementor-section-height-default\" data-id=\"5003f33\" data-element_type=\"section\">\n\t\t\t\t\t\t<div class=\"elementor-container elementor-column-gap-default\">\n\t\t\t\t\t<div class=\"elementor-column elementor-col-100 elementor-top-column elementor-element elementor-element-2252831\" data-id=\"2252831\" data-element_type=\"column\">\n\t\t\t<div class=\"elementor-widget-wrap elementor-element-populated\">\n\t\t\t\t\t\t\t\t<div class=\"elementor-element elementor-element-9ebe1bd elementor-widget elementor-widget-image\" data-id=\"9ebe1bd\" data-element_type=\"widget\" data-widget_type=\"image.default\">\n\t\t\t\t<div class=\"elementor-widget-container\">\n\t\t\t\t\t\t\t\t\t\t\t\t\t\t\t<img width=\"4267\" height=\"1250\" src=\"https:\/\/domaniale-de-mazan.fr\/wp-content\/uploads\/2021\/11\/BANDEAU2_Plan-de-travail-1.png\" class=\"attachment-full size-full\" alt=\"\" loading=\"lazy\" srcset=\"https:\/\/domaniale-de-mazan.fr\/wp-content\/uploads\/2021\/11\/BANDEAU2_Plan-de-travail-1.png 4267w, https:\/\/domaniale-de-mazan.fr\/wp-content\/uploads\/2021\/11\/BANDEAU2_Plan-de-travail-1-300x88.png 300w, https:\/\/domaniale-de-mazan.fr\/wp-content\/uploads\/2021\/11\/BANDEAU2_Plan-de-travail-1-1024x300.png 1024w, https:\/\/domaniale-de-mazan.fr\/wp-content\/uploads\/2021\/11\/BANDEAU2_Plan-de-travail-1-768x225.png 768w, https:\/\/domaniale-de-mazan.fr\/wp-content\/uploads\/2021\/11\/BANDEAU2_Plan-de-travail-1-1536x450.png 1536w, https:\/\/domaniale-de-mazan.fr\/wp-content\/uploads\/2021\/11\/BANDEAU2_Plan-de-travail-1-2048x600.png 2048w\" sizes=\"(max-width: 4267px) 100vw, 4267px\" \/>\t\t\t\t\t\t\t\t\t\t\t\t\t\t\t<\/div>\n\t\t\t\t<\/div>\n\t\t\t\t\t<\/div>\n\t\t<\/div>\n\t\t\t\t\t\t\t<\/div>\n\t\t<\/section>\n\t\t\t\t<section class=\"elementor-section elementor-top-section elementor-element elementor-element-1d77749c elementor-section-content-middle elementor-section-boxed elementor-section-height-default elementor-section-height-default\" data-id=\"1d77749c\" data-element_type=\"section\">\n\t\t\t\t\t\t<div class=\"elementor-container elementor-column-gap-no\">\n\t\t\t\t\t<div class=\"elementor-column elementor-col-100 elementor-top-column elementor-element elementor-element-4cc0ef8f\" data-id=\"4cc0ef8f\" data-element_type=\"column\">\n\t\t\t<div class=\"elementor-widget-wrap elementor-element-populated\">\n\t\t\t\t\t\t\t\t<section class=\"elementor-section elementor-inner-section elementor-element elementor-element-73d34996 elementor-section-content-middle elementor-section-boxed elementor-section-height-default elementor-section-height-default\" data-id=\"73d34996\" data-element_type=\"section\">\n\t\t\t\t\t\t<div class=\"elementor-container elementor-column-gap-no\">\n\t\t\t\t\t<div class=\"elementor-column elementor-col-33 elementor-inner-column elementor-element elementor-element-6ff7473b\" data-id=\"6ff7473b\" data-element_type=\"column\">\n\t\t\t<div class=\"elementor-widget-wrap elementor-element-populated\">\n\t\t\t\t\t\t\t\t<div class=\"elementor-element elementor-element-354e4b0f elementor-widget elementor-widget-image\" data-id=\"354e4b0f\" data-element_type=\"widget\" data-widget_type=\"image.default\">\n\t\t\t\t<div class=\"elementor-widget-container\">\n\t\t\t\t\t\t\t\t\t\t\t\t\t\t\t<img width=\"1024\" height=\"768\" src=\"https:\/\/domaniale-de-mazan.fr\/wp-content\/uploads\/2021\/11\/P1060581-1024x768.jpg\" class=\"attachment-large size-large\" alt=\"\" loading=\"lazy\" srcset=\"https:\/\/domaniale-de-mazan.fr\/wp-content\/uploads\/2021\/11\/P1060581-1024x768.jpg 1024w, https:\/\/domaniale-de-mazan.fr\/wp-content\/uploads\/2021\/11\/P1060581-300x225.jpg 300w, https:\/\/domaniale-de-mazan.fr\/wp-content\/uploads\/2021\/11\/P1060581-768x576.jpg 768w, https:\/\/domaniale-de-mazan.fr\/wp-content\/uploads\/2021\/11\/P1060581-1536x1152.jpg 1536w, https:\/\/domaniale-de-mazan.fr\/wp-content\/uploads\/2021\/11\/P1060581-2048x1536.jpg 2048w\" sizes=\"(max-width: 1024px) 100vw, 1024px\" \/>\t\t\t\t\t\t\t\t\t\t\t\t\t\t\t<\/div>\n\t\t\t\t<\/div>\n\t\t\t\t\t<\/div>\n\t\t<\/div>\n\t\t\t\t<div class=\"elementor-column elementor-col-33 elementor-inner-column elementor-element elementor-element-2113df66\" data-id=\"2113df66\" data-element_type=\"column\">\n\t\t\t<div class=\"elementor-widget-wrap elementor-element-populated\">\n\t\t\t\t\t\t\t\t<div class=\"elementor-element elementor-element-5520d8bc elementor-widget elementor-widget-heading\" data-id=\"5520d8bc\" data-element_type=\"widget\" id=\"graphic\" data-widget_type=\"heading.default\">\n\t\t\t\t<div class=\"elementor-widget-container\">\n\t\t\t<h2 class=\"elementor-heading-title elementor-size-default\">LA DOMANIALE<\/h2>\t\t<\/div>\n\t\t\t\t<\/div>\n\t\t\t\t<div class=\"elementor-element elementor-element-7ddf4816 elementor-widget elementor-widget-text-editor\" data-id=\"7ddf4816\" data-element_type=\"widget\" data-widget_type=\"text-editor.default\">\n\t\t\t\t<div class=\"elementor-widget-container\">\n\t\t\t\t\t\t\t\t<p class=\"font_8\"><span class=\"color_15\">Aux portes du Sud de la France, o\u00f9 d\u00e9bute le plateau ard\u00e9chois, la Domaniale de Mazan se situe entre Aubenas et le Puy en Velay.<\/span><\/p><p class=\"font_8\"><span class=\"color_15\">La Domaniale vous propose de composer votre saison de chasse \u00ab\u00a0\u00e0 la carte\u00a0\u00bb, petits et grands gibiers mais vous propose aussi un calendrier de chasse en week-end avec une th\u00e9matique cyn\u00e9g\u00e9tique d\u00e9finie.<\/span><\/p>\t\t\t\t\t\t<\/div>\n\t\t\t\t<\/div>\n\t\t\t\t\t<\/div>\n\t\t<\/div>\n\t\t\t\t<div class=\"elementor-column elementor-col-33 elementor-inner-column elementor-element elementor-element-7e6951b5\" data-id=\"7e6951b5\" data-element_type=\"column\">\n\t\t\t<div class=\"elementor-widget-wrap elementor-element-populated\">\n\t\t\t\t\t\t\t\t<div class=\"elementor-element elementor-element-47fb9b4f elementor-widget elementor-widget-image\" data-id=\"47fb9b4f\" data-element_type=\"widget\" data-widget_type=\"image.default\">\n\t\t\t\t<div class=\"elementor-widget-container\">\n\t\t\t\t\t\t\t\t\t\t\t\t\t\t\t<img width=\"1024\" height=\"768\" src=\"https:\/\/domaniale-de-mazan.fr\/wp-content\/uploads\/2021\/11\/P1060570-1024x768.jpg\" class=\"attachment-large size-large\" alt=\"\" loading=\"lazy\" srcset=\"https:\/\/domaniale-de-mazan.fr\/wp-content\/uploads\/2021\/11\/P1060570-1024x768.jpg 1024w, https:\/\/domaniale-de-mazan.fr\/wp-content\/uploads\/2021\/11\/P1060570-300x225.jpg 300w, https:\/\/domaniale-de-mazan.fr\/wp-content\/uploads\/2021\/11\/P1060570-768x576.jpg 768w, https:\/\/domaniale-de-mazan.fr\/wp-content\/uploads\/2021\/11\/P1060570-1536x1152.jpg 1536w, https:\/\/domaniale-de-mazan.fr\/wp-content\/uploads\/2021\/11\/P1060570-2048x1536.jpg 2048w\" sizes=\"(max-width: 1024px) 100vw, 1024px\" \/>\t\t\t\t\t\t\t\t\t\t\t\t\t\t\t<\/div>\n\t\t\t\t<\/div>\n\t\t\t\t\t<\/div>\n\t\t<\/div>\n\t\t\t\t\t\t\t<\/div>\n\t\t<\/section>\n\t\t\t\t<section class=\"elementor-section elementor-inner-section elementor-element elementor-element-5260e520 elementor-section-content-middle elementor-section-boxed elementor-section-height-default elementor-section-height-default\" data-id=\"5260e520\" data-element_type=\"section\">\n\t\t\t\t\t\t<div class=\"elementor-container elementor-column-gap-no\">\n\t\t\t\t\t<div class=\"elementor-column elementor-col-33 elementor-inner-column elementor-element elementor-element-20534236\" data-id=\"20534236\" data-element_type=\"column\">\n\t\t\t<div class=\"elementor-widget-wrap elementor-element-populated\">\n\t\t\t\t\t\t\t\t<div class=\"elementor-element elementor-element-d389243 elementor-widget elementor-widget-heading\" data-id=\"d389243\" data-element_type=\"widget\" data-widget_type=\"heading.default\">\n\t\t\t\t<div class=\"elementor-widget-container\">\n\t\t\t<h2 class=\"elementor-heading-title elementor-size-default\">LE TERRITOIRE<\/h2>\t\t<\/div>\n\t\t\t\t<\/div>\n\t\t\t\t<div class=\"elementor-element elementor-element-59d986ab elementor-widget elementor-widget-text-editor\" data-id=\"59d986ab\" data-element_type=\"widget\" data-widget_type=\"text-editor.default\">\n\t\t\t\t<div class=\"elementor-widget-container\">\n\t\t\t\t\t\t\t\t<p class=\"font_8\"><span class=\"color_15\">La Domaniale de Mazan s&#8217;\u00e9tend sur plus de 1500 hectares en deux lots distants de quelques kilom\u00e8tres.<\/span><\/p><p class=\"font_8\"><span class=\"color_15\">Avec une couverture foresti\u00e8re de plus de 90 % et bord\u00e9 de pr\u00e9s et p\u00e2turages, le domaine est un havre de paix pour la faune environnante. Les esp\u00e8ces s\u00e9dentaires sont le sanglier, le chevreuil et le cerf en devenir, accompagn\u00e9s du li\u00e8vre. On y retrouve aussi les migratrices telles que les b\u00e9casses et grives qui appr\u00e9cient nos grands espaces forestiers et humides.<\/span><\/p>\t\t\t\t\t\t<\/div>\n\t\t\t\t<\/div>\n\t\t\t\t\t<\/div>\n\t\t<\/div>\n\t\t\t\t<div class=\"elementor-column elementor-col-33 elementor-inner-column elementor-element elementor-element-7317ad83\" data-id=\"7317ad83\" data-element_type=\"column\">\n\t\t\t<div class=\"elementor-widget-wrap elementor-element-populated\">\n\t\t\t\t\t\t\t\t<div class=\"elementor-element elementor-element-2f30e6fb elementor-widget elementor-widget-image\" data-id=\"2f30e6fb\" data-element_type=\"widget\" data-widget_type=\"image.default\">\n\t\t\t\t<div class=\"elementor-widget-container\">\n\t\t\t\t\t\t\t\t\t\t\t\t\t\t\t<img width=\"768\" height=\"1024\" src=\"https:\/\/domaniale-de-mazan.fr\/wp-content\/uploads\/2021\/11\/P1060578-768x1024.jpg\" class=\"attachment-large size-large\" alt=\"\" loading=\"lazy\" srcset=\"https:\/\/domaniale-de-mazan.fr\/wp-content\/uploads\/2021\/11\/P1060578-768x1024.jpg 768w, https:\/\/domaniale-de-mazan.fr\/wp-content\/uploads\/2021\/11\/P1060578-225x300.jpg 225w, https:\/\/domaniale-de-mazan.fr\/wp-content\/uploads\/2021\/11\/P1060578-1152x1536.jpg 1152w, https:\/\/domaniale-de-mazan.fr\/wp-content\/uploads\/2021\/11\/P1060578-1536x2048.jpg 1536w, https:\/\/domaniale-de-mazan.fr\/wp-content\/uploads\/2021\/11\/P1060578-scaled.jpg 1920w\" sizes=\"(max-width: 768px) 100vw, 768px\" \/>\t\t\t\t\t\t\t\t\t\t\t\t\t\t\t<\/div>\n\t\t\t\t<\/div>\n\t\t\t\t\t<\/div>\n\t\t<\/div>\n\t\t\t\t<div class=\"elementor-column elementor-col-33 elementor-inner-column elementor-element elementor-element-7ea0ef63\" data-id=\"7ea0ef63\" data-element_type=\"column\">\n\t\t\t<div class=\"elementor-widget-wrap elementor-element-populated\">\n\t\t\t\t\t\t\t\t<div class=\"elementor-element elementor-element-7853cb5b elementor-widget elementor-widget-heading\" data-id=\"7853cb5b\" data-element_type=\"widget\" data-widget_type=\"heading.default\">\n\t\t\t\t<div class=\"elementor-widget-container\">\n\t\t\t<h2 class=\"elementor-heading-title elementor-size-default\">LA CHASSE<\/h2>\t\t<\/div>\n\t\t\t\t<\/div>\n\t\t\t\t<div class=\"elementor-element elementor-element-d004dea elementor-widget elementor-widget-text-editor\" data-id=\"d004dea\" data-element_type=\"widget\" data-widget_type=\"text-editor.default\">\n\t\t\t\t<div class=\"elementor-widget-container\">\n\t\t\t\t\t\t\t\t<p class=\"font_8\"><span class=\"color_15\">Le territoire est peupl\u00e9 de multiples esp\u00e8ces telles que les sangliers, chevreuils, renards, li\u00e8vres, et quelques cerfs. Nous retrouvons aussi chaque saison nos belles migratrices, b\u00e9casses et grives.<\/span><\/p><p class=\"font_8\"><span class=\"color_15\">La surface du territoire permet d&#8217;accueillir diff\u00e9rents types de chasse.<\/span><\/p><p class=\"font_8\"><span class=\"color_15\">Une maison foresti\u00e8re offre aussi la possibilit\u00e9 de passer la nuit ou le week-end sur place.<\/span><\/p>\t\t\t\t\t\t<\/div>\n\t\t\t\t<\/div>\n\t\t\t\t\t<\/div>\n\t\t<\/div>\n\t\t\t\t\t\t\t<\/div>\n\t\t<\/section>\n\t\t\t\t\t<\/div>\n\t\t<\/div>\n\t\t\t\t\t\t\t<\/div>\n\t\t<\/section>\n\t\t\t\t<section class=\"elementor-section elementor-top-section elementor-element elementor-element-f7e9912 elementor-section-boxed elementor-section-height-default elementor-section-height-default\" data-id=\"f7e9912\" data-element_type=\"section\">\n\t\t\t\t\t\t<div class=\"elementor-container elementor-column-gap-default\">\n\t\t\t\t\t<div class=\"elementor-column elementor-col-100 elementor-top-column elementor-element elementor-element-6132d15\" data-id=\"6132d15\" data-element_type=\"column\">\n\t\t\t<div class=\"elementor-widget-wrap elementor-element-populated\">\n\t\t\t\t\t\t\t\t<div class=\"elementor-element elementor-element-7a2e86b elementor-widget elementor-widget-heading\" data-id=\"7a2e86b\" data-element_type=\"widget\" data-widget_type=\"heading.default\">\n\t\t\t\t<div class=\"elementor-widget-container\">\n\t\t\t<h2 class=\"elementor-heading-title elementor-size-default\">NOS CHASSES<\/h2>\t\t<\/div>\n\t\t\t\t<\/div>\n\t\t\t\t\t<\/div>\n\t\t<\/div>\n\t\t\t\t\t\t\t<\/div>\n\t\t<\/section>\n\t\t\t\t<section class=\"elementor-section elementor-top-section elementor-element elementor-element-3f783e1 elementor-section-boxed elementor-section-height-default elementor-section-height-default\" data-id=\"3f783e1\" data-element_type=\"section\">\n\t\t\t\t\t\t<div class=\"elementor-container elementor-column-gap-default\">\n\t\t\t\t\t<div class=\"elementor-column elementor-col-20 elementor-top-column elementor-element elementor-element-c8b75be\" data-id=\"c8b75be\" data-element_type=\"column\">\n\t\t\t<div class=\"elementor-widget-wrap elementor-element-populated\">\n\t\t\t\t\t\t\t\t<div class=\"elementor-element elementor-element-ff7fab1 elementor-position-top elementor-vertical-align-top elementor-widget elementor-widget-image-box\" data-id=\"ff7fab1\" data-element_type=\"widget\" data-widget_type=\"image-box.default\">\n\t\t\t\t<div class=\"elementor-widget-container\">\n\t\t\t<div class=\"elementor-image-box-wrapper\"><figure class=\"elementor-image-box-img\"><img width=\"2667\" height=\"1667\" src=\"https:\/\/domaniale-de-mazan.fr\/wp-content\/uploads\/2021\/12\/sanglier.png\" class=\"attachment-full size-full\" alt=\"\" loading=\"lazy\" srcset=\"https:\/\/domaniale-de-mazan.fr\/wp-content\/uploads\/2021\/12\/sanglier.png 2667w, https:\/\/domaniale-de-mazan.fr\/wp-content\/uploads\/2021\/12\/sanglier-300x188.png 300w, https:\/\/domaniale-de-mazan.fr\/wp-content\/uploads\/2021\/12\/sanglier-1024x640.png 1024w, https:\/\/domaniale-de-mazan.fr\/wp-content\/uploads\/2021\/12\/sanglier-768x480.png 768w, https:\/\/domaniale-de-mazan.fr\/wp-content\/uploads\/2021\/12\/sanglier-1536x960.png 1536w, https:\/\/domaniale-de-mazan.fr\/wp-content\/uploads\/2021\/12\/sanglier-2048x1280.png 2048w\" sizes=\"(max-width: 2667px) 100vw, 2667px\" \/><\/figure><div class=\"elementor-image-box-content\"><h3 class=\"elementor-image-box-title\">SANGLIER<\/h3><\/div><\/div>\t\t<\/div>\n\t\t\t\t<\/div>\n\t\t\t\t\t<\/div>\n\t\t<\/div>\n\t\t\t\t<div class=\"elementor-column elementor-col-20 elementor-top-column elementor-element elementor-element-ede8143\" data-id=\"ede8143\" data-element_type=\"column\">\n\t\t\t<div class=\"elementor-widget-wrap elementor-element-populated\">\n\t\t\t\t\t\t\t\t<div class=\"elementor-element elementor-element-990b3d7 elementor-position-top elementor-vertical-align-top elementor-widget elementor-widget-image-box\" data-id=\"990b3d7\" data-element_type=\"widget\" data-widget_type=\"image-box.default\">\n\t\t\t\t<div class=\"elementor-widget-container\">\n\t\t\t<div class=\"elementor-image-box-wrapper\"><figure class=\"elementor-image-box-img\"><img width=\"300\" height=\"188\" src=\"https:\/\/domaniale-de-mazan.fr\/wp-content\/uploads\/2021\/12\/chevreuil-300x188.png\" class=\"attachment-medium size-medium\" alt=\"\" loading=\"lazy\" srcset=\"https:\/\/domaniale-de-mazan.fr\/wp-content\/uploads\/2021\/12\/chevreuil-300x188.png 300w, https:\/\/domaniale-de-mazan.fr\/wp-content\/uploads\/2021\/12\/chevreuil-1024x640.png 1024w, https:\/\/domaniale-de-mazan.fr\/wp-content\/uploads\/2021\/12\/chevreuil-768x480.png 768w, https:\/\/domaniale-de-mazan.fr\/wp-content\/uploads\/2021\/12\/chevreuil-1536x960.png 1536w, https:\/\/domaniale-de-mazan.fr\/wp-content\/uploads\/2021\/12\/chevreuil-2048x1280.png 2048w\" sizes=\"(max-width: 300px) 100vw, 300px\" \/><\/figure><div class=\"elementor-image-box-content\"><h3 class=\"elementor-image-box-title\">CHEVREUIL<\/h3><\/div><\/div>\t\t<\/div>\n\t\t\t\t<\/div>\n\t\t\t\t\t<\/div>\n\t\t<\/div>\n\t\t\t\t<div class=\"elementor-column elementor-col-20 elementor-top-column elementor-element elementor-element-20fa640\" data-id=\"20fa640\" data-element_type=\"column\">\n\t\t\t<div class=\"elementor-widget-wrap elementor-element-populated\">\n\t\t\t\t\t\t\t\t<div class=\"elementor-element elementor-element-2149787 elementor-position-top elementor-vertical-align-top elementor-widget elementor-widget-image-box\" data-id=\"2149787\" data-element_type=\"widget\" data-widget_type=\"image-box.default\">\n\t\t\t\t<div class=\"elementor-widget-container\">\n\t\t\t<div class=\"elementor-image-box-wrapper\"><figure class=\"elementor-image-box-img\"><img width=\"300\" height=\"188\" src=\"https:\/\/domaniale-de-mazan.fr\/wp-content\/uploads\/2021\/12\/becasse-300x188.png\" class=\"attachment-medium size-medium\" alt=\"\" loading=\"lazy\" srcset=\"https:\/\/domaniale-de-mazan.fr\/wp-content\/uploads\/2021\/12\/becasse-300x188.png 300w, https:\/\/domaniale-de-mazan.fr\/wp-content\/uploads\/2021\/12\/becasse-1024x640.png 1024w, https:\/\/domaniale-de-mazan.fr\/wp-content\/uploads\/2021\/12\/becasse-768x480.png 768w, https:\/\/domaniale-de-mazan.fr\/wp-content\/uploads\/2021\/12\/becasse-1536x960.png 1536w, https:\/\/domaniale-de-mazan.fr\/wp-content\/uploads\/2021\/12\/becasse-2048x1280.png 2048w\" sizes=\"(max-width: 300px) 100vw, 300px\" \/><\/figure><div class=\"elementor-image-box-content\"><h3 class=\"elementor-image-box-title\">PLUME<\/h3><\/div><\/div>\t\t<\/div>\n\t\t\t\t<\/div>\n\t\t\t\t\t<\/div>\n\t\t<\/div>\n\t\t\t\t<div class=\"elementor-column elementor-col-20 elementor-top-column elementor-element elementor-element-bce846e\" data-id=\"bce846e\" data-element_type=\"column\">\n\t\t\t<div class=\"elementor-widget-wrap elementor-element-populated\">\n\t\t\t\t\t\t\t\t<div class=\"elementor-element elementor-element-cacdd6d elementor-position-top elementor-vertical-align-top elementor-widget elementor-widget-image-box\" data-id=\"cacdd6d\" data-element_type=\"widget\" data-widget_type=\"image-box.default\">\n\t\t\t\t<div class=\"elementor-widget-container\">\n\t\t\t<div class=\"elementor-image-box-wrapper\"><figure class=\"elementor-image-box-img\"><img width=\"2667\" height=\"1667\" src=\"https:\/\/domaniale-de-mazan.fr\/wp-content\/uploads\/2021\/12\/renard.png\" class=\"attachment-full size-full\" alt=\"\" loading=\"lazy\" srcset=\"https:\/\/domaniale-de-mazan.fr\/wp-content\/uploads\/2021\/12\/renard.png 2667w, https:\/\/domaniale-de-mazan.fr\/wp-content\/uploads\/2021\/12\/renard-300x188.png 300w, https:\/\/domaniale-de-mazan.fr\/wp-content\/uploads\/2021\/12\/renard-1024x640.png 1024w, https:\/\/domaniale-de-mazan.fr\/wp-content\/uploads\/2021\/12\/renard-768x480.png 768w, https:\/\/domaniale-de-mazan.fr\/wp-content\/uploads\/2021\/12\/renard-1536x960.png 1536w, https:\/\/domaniale-de-mazan.fr\/wp-content\/uploads\/2021\/12\/renard-2048x1280.png 2048w\" sizes=\"(max-width: 2667px) 100vw, 2667px\" \/><\/figure><div class=\"elementor-image-box-content\"><h3 class=\"elementor-image-box-title\">RENARD<\/h3><\/div><\/div>\t\t<\/div>\n\t\t\t\t<\/div>\n\t\t\t\t\t<\/div>\n\t\t<\/div>\n\t\t\t\t<div class=\"elementor-column elementor-col-20 elementor-top-column elementor-element elementor-element-cdbefea\" data-id=\"cdbefea\" data-element_type=\"column\">\n\t\t\t<div class=\"elementor-widget-wrap elementor-element-populated\">\n\t\t\t\t\t\t\t\t<div class=\"elementor-element elementor-element-f24178c elementor-position-top elementor-vertical-align-top elementor-widget elementor-widget-image-box\" data-id=\"f24178c\" data-element_type=\"widget\" data-widget_type=\"image-box.default\">\n\t\t\t\t<div class=\"elementor-widget-container\">\n\t\t\t<div class=\"elementor-image-box-wrapper\"><figure class=\"elementor-image-box-img\"><img width=\"2667\" height=\"1667\" src=\"https:\/\/domaniale-de-mazan.fr\/wp-content\/uploads\/2021\/12\/lievre.png\" class=\"attachment-full size-full\" alt=\"\" loading=\"lazy\" srcset=\"https:\/\/domaniale-de-mazan.fr\/wp-content\/uploads\/2021\/12\/lievre.png 2667w, https:\/\/domaniale-de-mazan.fr\/wp-content\/uploads\/2021\/12\/lievre-300x188.png 300w, https:\/\/domaniale-de-mazan.fr\/wp-content\/uploads\/2021\/12\/lievre-1024x640.png 1024w, https:\/\/domaniale-de-mazan.fr\/wp-content\/uploads\/2021\/12\/lievre-768x480.png 768w, https:\/\/domaniale-de-mazan.fr\/wp-content\/uploads\/2021\/12\/lievre-1536x960.png 1536w, https:\/\/domaniale-de-mazan.fr\/wp-content\/uploads\/2021\/12\/lievre-2048x1280.png 2048w\" sizes=\"(max-width: 2667px) 100vw, 2667px\" \/><\/figure><div class=\"elementor-image-box-content\"><h3 class=\"elementor-image-box-title\">LIEVRE<\/h3><\/div><\/div>\t\t<\/div>\n\t\t\t\t<\/div>\n\t\t\t\t\t<\/div>\n\t\t<\/div>\n\t\t\t\t\t\t\t<\/div>\n\t\t<\/section>\n\t\t\t\t\t\t<\/div>\n\t\t\t\t\t<\/div>\n\t\t","protected":false},"excerpt":{"rendered":"<p>LA DOMANIALE Aux portes du Sud de la France, o\u00f9 d\u00e9bute le plateau ard\u00e9chois, la Domaniale de Mazan se situe entre Aubenas et le Puy en Velay. La Domaniale vous propose de composer votre saison de chasse \u00ab&nbsp;\u00e0 la carte&nbsp;\u00bb, petits et grands gibiers mais vous propose aussi un calendrier de chasse en week-end avec &hellip;<\/p>\n<p class=\"read-more\"> <a class=\"\" href=\"https:\/\/domaniale-de-mazan.fr\/\"> <span class=\"screen-reader-text\">La domaniale de Mazan<\/span> Read More &raquo;<\/a><\/p>\n","protected":false},"author":1,"featured_media":0,"parent":0,"menu_order":0,"comment_status":"closed","ping_status":"closed","template":"","meta":{"site-sidebar-layout":"no-sidebar","site-content-layout":"page-builder","ast-main-header-display":"","ast-hfb-above-header-display":"","ast-hfb-below-header-display":"","ast-hfb-mobile-header-display":"","site-post-title":"disabled","ast-breadcrumbs-content":"","ast-featured-img":"disabled","footer-sml-layout":"","theme-transparent-header-meta":"","adv-header-id-meta":"","stick-header-meta":"","header-above-stick-meta":"","header-main-stick-meta":"","header-below-stick-meta":""},"_links":{"self":[{"href":"https:\/\/domaniale-de-mazan.fr\/index.php?rest_route=\/wp\/v2\/pages\/20"}],"collection":[{"href":"https:\/\/domaniale-de-mazan.fr\/index.php?rest_route=\/wp\/v2\/pages"}],"about":[{"href":"https:\/\/domaniale-de-mazan.fr\/index.php?rest_route=\/wp\/v2\/types\/page"}],"author":[{"embeddable":true,"href":"https:\/\/domaniale-de-mazan.fr\/index.php?rest_route=\/wp\/v2\/users\/1"}],"replies":[{"embeddable":true,"href":"https:\/\/domaniale-de-mazan.fr\/index.php?rest_route=%2Fwp%2Fv2%2Fcomments&post=20"}],"version-history":[{"count":26,"href":"https:\/\/domaniale-de-mazan.fr\/index.php?rest_route=\/wp\/v2\/pages\/20\/revisions"}],"predecessor-version":[{"id":107,"href":"https:\/\/domaniale-de-mazan.fr\/index.php?rest_route=\/wp\/v2\/pages\/20\/revisions\/107"}],"wp:attachment":[{"href":"https:\/\/domaniale-de-mazan.fr\/index.php?rest_route=%2Fwp%2Fv2%2Fmedia&parent=20"}],"curies":[{"name":"wp","href":"https:\/\/api.w.org\/{rel}","templated":true}]}}